{"id":649,"date":"2025-08-04T21:59:58","date_gmt":"2025-08-04T19:59:58","guid":{"rendered":"https:\/\/salonvignesetvilaine.fr\/?page_id=649"},"modified":"2025-09-22T22:31:35","modified_gmt":"2025-09-22T20:31:35","slug":"culture","status":"publish","type":"page","link":"https:\/\/salonvignesetvilaine.fr\/?page_id=649","title":{"rendered":"CULTURE"},"content":{"rendered":"\n<figure class=\"wp-block-image size-full\"><a href=\"https:\/\/www.librairie-refuge.com\/\"><img fetchpriority=\"high\" decoding=\"async\" width=\"300\" height=\"300\" src=\"https:\/\/salonvignesetvilaine.fr\/wp-content\/uploads\/2025\/07\/Refuge.jpg\" alt=\"\" class=\"wp-image-505\" srcset=\"https:\/\/salonvignesetvilaine.fr\/wp-content\/uploads\/2025\/07\/Refuge.jpg 300w, https:\/\/salonvignesetvilaine.fr\/wp-content\/uploads\/2025\/07\/Refuge-150x150.jpg 150w\" sizes=\"(max-width: 300px) 100vw, 300px\" \/><\/a><figcaption class=\"wp-element-caption\">REFUGE, votre librairie ind\u00e9pendante \u00e0 Guichen &#8211; Pont R\u00e9an<br>La librairie ind\u00e9pendante Refuge propose une s\u00e9lection de plus de&nbsp; &nbsp; &nbsp;5 000 r\u00e9f\u00e9rences. G\u00e9n\u00e9raliste, vous y trouverez de la litt\u00e9rature adulte et jeunesse, de la BD, du manga, mais aussi des livres pratiques et de sciences humaines. De quoi combler les go\u00fbts de tous les lecteurs et lectrices !<br>Engag\u00e9e pour un avenir plus \u00e9galitaire et respectueux de l&rsquo;environnement, la librairie a aussi pour ambition de pr\u00e9senter des livres qui \u00e9veillent \u00e0 ces questions sociales et environnementales.<br>Gr\u00e2ce \u00e0 une programmation vari\u00e9e d&rsquo;\u00e9v\u00e9nements et de rencontres, Refuge est un lieu vivant et impliqu\u00e9 dans la vie de sa commune et de ses alentours.<br>Avec ce nom, Refuge, nous souhaitons bien entendu vous accueillir dans un univers chaleureux. N&rsquo;h\u00e9sitez pas \u00e0 pousser la porte et venir \u00e9changer avec nous !<\/figcaption><\/figure>\n\n\n\n<p><\/p>\n","protected":false},"excerpt":{"rendered":"","protected":false},"author":1,"featured_media":0,"parent":0,"menu_order":0,"comment_status":"closed","ping_status":"closed","template":"","meta":{"footnotes":""},"class_list":["post-649","page","type-page","status-publish","hentry"],"_links":{"self":[{"href":"https:\/\/salonvignesetvilaine.fr\/index.php?rest_route=\/wp\/v2\/pages\/649","targetHints":{"allow":["GET"]}}],"collection":[{"href":"https:\/\/salonvignesetvilaine.fr\/index.php?rest_route=\/wp\/v2\/pages"}],"about":[{"href":"https:\/\/salonvignesetvilaine.fr\/index.php?rest_route=\/wp\/v2\/types\/page"}],"author":[{"embeddable":true,"href":"https:\/\/salonvignesetvilaine.fr\/index.php?rest_route=\/wp\/v2\/users\/1"}],"replies":[{"embeddable":true,"href":"https:\/\/salonvignesetvilaine.fr\/index.php?rest_route=%2Fwp%2Fv2%2Fcomments&post=649"}],"version-history":[{"count":2,"href":"https:\/\/salonvignesetvilaine.fr\/index.php?rest_route=\/wp\/v2\/pages\/649\/revisions"}],"predecessor-version":[{"id":709,"href":"https:\/\/salonvignesetvilaine.fr\/index.php?rest_route=\/wp\/v2\/pages\/649\/revisions\/709"}],"wp:attachment":[{"href":"https:\/\/salonvignesetvilaine.fr\/index.php?rest_route=%2Fwp%2Fv2%2Fmedia&parent=649"}],"curies":[{"name":"wp","href":"https:\/\/api.w.org\/{rel}","templated":true}]}}