{"id":727,"date":"2025-10-03T18:56:50","date_gmt":"2025-10-03T16:56:50","guid":{"rendered":"https:\/\/salonvignesetvilaine.fr\/?page_id=727"},"modified":"2025-10-30T18:07:56","modified_gmt":"2025-10-30T17:07:56","slug":"inscription","status":"publish","type":"page","link":"https:\/\/salonvignesetvilaine.fr\/?page_id=727","title":{"rendered":"INSCRIPTION POUR L&rsquo;INITIATION A LA D\u00c9GUSTATION"},"content":{"rendered":"\n<div class=\"wp-block-group alignfull no-margin-top header-media-inner-post is-layout-constrained wp-block-group-is-layout-constrained\">\n<div class=\"wp-block-group alignfull is-layout-flow wp-block-group-is-layout-flow\" style=\"padding-top:0px;padding-right:0px;padding-bottom:0px;padding-left:0px\">\n<div class=\"wp-block-cover\" style=\"min-height:431px;aspect-ratio:unset;\"><span aria-hidden=\"true\" class=\"wp-block-cover__background has-footer-bg-background-color has-background-dim-100 has-background-dim\"><\/span><div class=\"wp-block-cover__inner-container is-layout-flow wp-block-cover-is-layout-flow\">\n<div class=\"wp-block-group is-layout-constrained wp-block-group-is-layout-constrained\">\n<div class=\"wp-block-group alignwide is-layout-flow wp-block-group-is-layout-flow\"><h1 class=\"has-text-align-center wp-block-post-title has-post-heading-font-size\">INSCRIPTION POUR L&rsquo;INITIATION A LA D\u00c9GUSTATION<\/h1><\/div>\n<\/div>\n<\/div><\/div>\n<\/div>\n<\/div>\n\n\n\n<p>Inscription sur le lien Framadate ci-dessous:<\/p>\n\n\n\n<figure class=\"wp-block-image aligncenter size-full\"><a href=\"https:\/\/framadate.org\/yfoYXgMRkODf2Rf8\" target=\"_blank\" rel=\" noreferrer noopener\"><img decoding=\"async\" width=\"360\" height=\"50\" src=\"https:\/\/salonvignesetvilaine.fr\/wp-content\/uploads\/2025\/10\/Framadate.png\" alt=\"\" class=\"wp-image-776\" srcset=\"https:\/\/salonvignesetvilaine.fr\/wp-content\/uploads\/2025\/10\/Framadate.png 360w, https:\/\/salonvignesetvilaine.fr\/wp-content\/uploads\/2025\/10\/Framadate-300x42.png 300w\" sizes=\"(max-width: 360px) 100vw, 360px\" \/><\/a><\/figure>\n\n\n\n<div class=\"wp-block-columns alignwide are-vertically-aligned-center is-layout-flex wp-container-core-columns-is-layout-08a2a807 wp-block-columns-is-layout-flex\">\n<div class=\"wp-block-column is-vertically-aligned-center is-layout-flow wp-block-column-is-layout-flow\">\n<figure class=\"wp-block-image size-full is-resized\"><a href=\"https:\/\/www.maison-gayrard.com\/\"><img decoding=\"async\" width=\"217\" height=\"121\" src=\"https:\/\/salonvignesetvilaine.fr\/wp-content\/uploads\/2025\/07\/GAYARD-1.jpg\" alt=\"\" class=\"wp-image-538\" style=\"width:579px;height:auto\"\/><\/a><\/figure>\n<\/div>\n\n\n\n<div class=\"wp-block-column is-vertically-aligned-center is-layout-flow wp-block-column-is-layout-flow\" style=\"padding-top:0;padding-right:0;padding-bottom:0;padding-left:0\">\n<div class=\"wp-block-group is-layout-flow wp-block-group-is-layout-flow\" style=\"padding-top:0rem;padding-right:var(--wp--preset--spacing--20);padding-bottom:0rem;padding-left:var(--wp--preset--spacing--20)\">\n<p class=\"has-primary-color has-text-color\">Notre coup de c\u0153ur cette ann\u00e9e<\/p>\n\n\n\n<h2 class=\"wp-block-heading has-large-font-size\"><a href=\"https:\/\/www.maison-gayrard.com\/\">Domaine GAYRARD<\/a><\/h2>\n\n\n\n<p>Cette premi\u00e8re s\u00e9ance d\u00e9butera le samedi 15 \u00e0 11h00<\/p>\n<\/div>\n<\/div>\n<\/div>\n\n\n\n<div class=\"wp-block-columns alignwide are-vertically-aligned-center is-layout-flex wp-container-core-columns-is-layout-08a2a807 wp-block-columns-is-layout-flex\">\n<div class=\"wp-block-column is-vertically-aligned-center is-layout-flow wp-block-column-is-layout-flow\">\n<figure class=\"wp-block-image size-full is-resized\"><a href=\"https:\/\/www.domaine-cordaillat.fr\/\"><img fetchpriority=\"high\" decoding=\"async\" width=\"300\" height=\"300\" src=\"https:\/\/salonvignesetvilaine.fr\/wp-content\/uploads\/2025\/09\/Domaine-Cordaillat.jpg\" alt=\"\" class=\"wp-image-710\" style=\"width:523px;height:auto\" srcset=\"https:\/\/salonvignesetvilaine.fr\/wp-content\/uploads\/2025\/09\/Domaine-Cordaillat.jpg 300w, https:\/\/salonvignesetvilaine.fr\/wp-content\/uploads\/2025\/09\/Domaine-Cordaillat-150x150.jpg 150w, https:\/\/salonvignesetvilaine.fr\/wp-content\/uploads\/2025\/09\/Domaine-Cordaillat-30x30.jpg 30w\" sizes=\"(max-width: 300px) 100vw, 300px\" \/><\/a><\/figure>\n<\/div>\n\n\n\n<div class=\"wp-block-column is-vertically-aligned-center is-layout-flow wp-block-column-is-layout-flow\" style=\"padding-top:0;padding-right:0;padding-bottom:0;padding-left:0\">\n<div class=\"wp-block-group is-layout-flow wp-block-group-is-layout-flow\" style=\"padding-top:0rem;padding-right:var(--wp--preset--spacing--20);padding-bottom:0rem;padding-left:var(--wp--preset--spacing--20)\">\n<p class=\"has-primary-color has-text-color\">La seconde s\u00e9ance<\/p>\n\n\n\n<h2 class=\"wp-block-heading has-large-font-size\"><a href=\"https:\/\/www.domaine-cordaillat.fr\/\">Domaine Cordaillat<\/a><\/h2>\n\n\n\n<p>le deuxi\u00e8me s\u00e9ance d\u00e9butera le samedi 15 \u00e0 16h00<\/p>\n<\/div>\n<\/div>\n<\/div>\n\n\n\n<div class=\"wp-block-columns alignwide are-vertically-aligned-center is-layout-flex wp-container-core-columns-is-layout-08a2a807 wp-block-columns-is-layout-flex\">\n<div class=\"wp-block-column is-vertically-aligned-center is-layout-flow wp-block-column-is-layout-flow\">\n<figure class=\"wp-block-image size-full is-resized\"><a href=\"https:\/\/www.domainedelepine.fr\/\"><img loading=\"lazy\" decoding=\"async\" width=\"300\" height=\"300\" src=\"https:\/\/salonvignesetvilaine.fr\/wp-content\/uploads\/2025\/07\/Elodie-Vilpellet.jpg\" alt=\"\" class=\"wp-image-450\" style=\"width:493px;height:auto\" srcset=\"https:\/\/salonvignesetvilaine.fr\/wp-content\/uploads\/2025\/07\/Elodie-Vilpellet.jpg 300w, https:\/\/salonvignesetvilaine.fr\/wp-content\/uploads\/2025\/07\/Elodie-Vilpellet-150x150.jpg 150w, https:\/\/salonvignesetvilaine.fr\/wp-content\/uploads\/2025\/07\/Elodie-Vilpellet-30x30.jpg 30w\" sizes=\"(max-width: 300px) 100vw, 300px\" \/><\/a><\/figure>\n<\/div>\n\n\n\n<div class=\"wp-block-column is-vertically-aligned-center is-layout-flow wp-block-column-is-layout-flow\" style=\"padding-top:0;padding-right:0;padding-bottom:0;padding-left:0\">\n<div class=\"wp-block-group is-layout-flow wp-block-group-is-layout-flow\" style=\"padding-top:0rem;padding-right:var(--wp--preset--spacing--20);padding-bottom:0rem;padding-left:var(--wp--preset--spacing--20)\">\n<p class=\"has-primary-color has-text-color\">La troisi\u00e8me s\u00e9ance<\/p>\n\n\n\n<h2 class=\"wp-block-heading has-large-font-size\"><a href=\"https:\/\/www.domaine-cordaillat.fr\/\">Domaine de l&rsquo;Epine<\/a><\/h2>\n\n\n\n<p>le derni\u00e8re s\u00e9ance d\u00e9butera le dimanche 16 \u00e0 11h00<\/p>\n<\/div>\n<\/div>\n<\/div>\n","protected":false},"excerpt":{"rendered":"<p>Inscription sur le lien Framadate ci-dessous: Notre coup de c\u0153ur cette ann\u00e9e Domaine GAYRARD Cette premi\u00e8re s\u00e9ance d\u00e9butera le samedi 15 \u00e0 11h00 La seconde s\u00e9ance Domaine Cordaillat le deuxi\u00e8me s\u00e9ance d\u00e9butera le samedi 15 \u00e0 16h00 La troisi\u00e8me s\u00e9ance Domaine de l&rsquo;Epine le derni\u00e8re s\u00e9ance d\u00e9butera le dimanche 16 \u00e0 11h00<\/p>\n","protected":false},"author":1,"featured_media":0,"parent":0,"menu_order":0,"comment_status":"closed","ping_status":"closed","template":"","meta":{"footnotes":""},"class_list":["post-727","page","type-page","status-publish","hentry"],"_links":{"self":[{"href":"https:\/\/salonvignesetvilaine.fr\/index.php?rest_route=\/wp\/v2\/pages\/727","targetHints":{"allow":["GET"]}}],"collection":[{"href":"https:\/\/salonvignesetvilaine.fr\/index.php?rest_route=\/wp\/v2\/pages"}],"about":[{"href":"https:\/\/salonvignesetvilaine.fr\/index.php?rest_route=\/wp\/v2\/types\/page"}],"author":[{"embeddable":true,"href":"https:\/\/salonvignesetvilaine.fr\/index.php?rest_route=\/wp\/v2\/users\/1"}],"replies":[{"embeddable":true,"href":"https:\/\/salonvignesetvilaine.fr\/index.php?rest_route=%2Fwp%2Fv2%2Fcomments&post=727"}],"version-history":[{"count":8,"href":"https:\/\/salonvignesetvilaine.fr\/index.php?rest_route=\/wp\/v2\/pages\/727\/revisions"}],"predecessor-version":[{"id":786,"href":"https:\/\/salonvignesetvilaine.fr\/index.php?rest_route=\/wp\/v2\/pages\/727\/revisions\/786"}],"wp:attachment":[{"href":"https:\/\/salonvignesetvilaine.fr\/index.php?rest_route=%2Fwp%2Fv2%2Fmedia&parent=727"}],"curies":[{"name":"wp","href":"https:\/\/api.w.org\/{rel}","templated":true}]}}