{"id":750,"date":"2025-10-14T20:44:08","date_gmt":"2025-10-14T18:44:08","guid":{"rendered":"https:\/\/salonvignesetvilaine.fr\/?page_id=750"},"modified":"2025-11-02T12:39:01","modified_gmt":"2025-11-02T11:39:01","slug":"restauration","status":"publish","type":"page","link":"https:\/\/salonvignesetvilaine.fr\/?page_id=750","title":{"rendered":"Restauration"},"content":{"rendered":"\n<div class=\"wp-block-cover\" style=\"min-height:138px;aspect-ratio:unset;\"><span aria-hidden=\"true\" class=\"wp-block-cover__background has-foreground-background-color has-background-dim-100 has-background-dim\"><\/span><div class=\"wp-block-cover__inner-container is-layout-constrained wp-block-cover-is-layout-constrained\">\n<p class=\"has-text-align-center has-large-font-size\">RESTAURATION<\/p>\n<\/div><\/div>\n\n\n\n<figure class=\"wp-block-image size-full is-resized\"><img fetchpriority=\"high\" decoding=\"async\" width=\"500\" height=\"500\" src=\"https:\/\/salonvignesetvilaine.fr\/wp-content\/uploads\/2025\/10\/7.png\" alt=\"\" class=\"wp-image-754\" style=\"width:162px;height:auto\" srcset=\"https:\/\/salonvignesetvilaine.fr\/wp-content\/uploads\/2025\/10\/7.png 500w, https:\/\/salonvignesetvilaine.fr\/wp-content\/uploads\/2025\/10\/7-300x300.png 300w, https:\/\/salonvignesetvilaine.fr\/wp-content\/uploads\/2025\/10\/7-150x150.png 150w\" sizes=\"(max-width: 500px) 100vw, 500px\" \/><\/figure>\n\n\n\n<p>Cette ann\u00e9e, l&rsquo;espace Restauration augmente sa surface: 2 zones d\u00e9di\u00e9es pour vous restaurer lors du salon<\/p>\n\n\n\n<p>-Zone \u00ab\u00a0Manger sur le pouce\u00a0\u00bb 100m\u00b2 r\u00e9partis \u00e0 diff\u00e9rents endroits du salon: Boulodrome, chapiteau, entr\u00e9e<\/p>\n\n\n\n<p>-Zone \u00a0\u00bb Restaurant\u00a0\u00bb sous le chapiteau offrant 72 couverts sur 120 m\u00b2.<\/p>\n\n\n\n<p>Menu ci -dessous pr\u00e9par\u00e9 par le Fin Gourmet de Laill\u00e9 (pr\u00e9-r\u00e9servation 02.99.50.47.82) <\/p>\n\n\n\n<figure class=\"wp-block-image size-full\"><img decoding=\"async\" width=\"1810\" height=\"2560\" src=\"https:\/\/salonvignesetvilaine.fr\/wp-content\/uploads\/2025\/11\/menu-copie-scaled.jpg\" alt=\"\" class=\"wp-image-788\" srcset=\"https:\/\/salonvignesetvilaine.fr\/wp-content\/uploads\/2025\/11\/menu-copie-scaled.jpg 1810w, https:\/\/salonvignesetvilaine.fr\/wp-content\/uploads\/2025\/11\/menu-copie-212x300.jpg 212w, https:\/\/salonvignesetvilaine.fr\/wp-content\/uploads\/2025\/11\/menu-copie-724x1024.jpg 724w, https:\/\/salonvignesetvilaine.fr\/wp-content\/uploads\/2025\/11\/menu-copie-768x1086.jpg 768w, https:\/\/salonvignesetvilaine.fr\/wp-content\/uploads\/2025\/11\/menu-copie-1086x1536.jpg 1086w, https:\/\/salonvignesetvilaine.fr\/wp-content\/uploads\/2025\/11\/menu-copie-1448x2048.jpg 1448w\" sizes=\"(max-width: 1810px) 100vw, 1810px\" \/><\/figure>\n\n\n\n<p><\/p>\n\n\n\n<p><\/p>\n\n\n\n<p><\/p>\n\n\n\n<p><\/p>\n","protected":false},"excerpt":{"rendered":"<p>Cette ann\u00e9e, l&rsquo;espace Restauration augmente sa surface: 2 zones d\u00e9di\u00e9es pour vous restaurer lors du salon -Zone \u00ab\u00a0Manger sur le pouce\u00a0\u00bb 100m\u00b2 r\u00e9partis \u00e0 diff\u00e9rents endroits du salon: Boulodrome, chapiteau, entr\u00e9e -Zone \u00a0\u00bb Restaurant\u00a0\u00bb sous le chapiteau offrant 72 couverts sur 120 m\u00b2. Menu ci -dessous pr\u00e9par\u00e9 par le Fin Gourmet de Laill\u00e9 (pr\u00e9-r\u00e9servation 02.99.50.47.82)<\/p>\n","protected":false},"author":1,"featured_media":0,"parent":0,"menu_order":0,"comment_status":"closed","ping_status":"closed","template":"","meta":{"footnotes":""},"class_list":["post-750","page","type-page","status-publish","hentry"],"_links":{"self":[{"href":"https:\/\/salonvignesetvilaine.fr\/index.php?rest_route=\/wp\/v2\/pages\/750","targetHints":{"allow":["GET"]}}],"collection":[{"href":"https:\/\/salonvignesetvilaine.fr\/index.php?rest_route=\/wp\/v2\/pages"}],"about":[{"href":"https:\/\/salonvignesetvilaine.fr\/index.php?rest_route=\/wp\/v2\/types\/page"}],"author":[{"embeddable":true,"href":"https:\/\/salonvignesetvilaine.fr\/index.php?rest_route=\/wp\/v2\/users\/1"}],"replies":[{"embeddable":true,"href":"https:\/\/salonvignesetvilaine.fr\/index.php?rest_route=%2Fwp%2Fv2%2Fcomments&post=750"}],"version-history":[{"count":6,"href":"https:\/\/salonvignesetvilaine.fr\/index.php?rest_route=\/wp\/v2\/pages\/750\/revisions"}],"predecessor-version":[{"id":789,"href":"https:\/\/salonvignesetvilaine.fr\/index.php?rest_route=\/wp\/v2\/pages\/750\/revisions\/789"}],"wp:attachment":[{"href":"https:\/\/salonvignesetvilaine.fr\/index.php?rest_route=%2Fwp%2Fv2%2Fmedia&parent=750"}],"curies":[{"name":"wp","href":"https:\/\/api.w.org\/{rel}","templated":true}]}}